{"id":425,"date":"2015-09-22T09:38:36","date_gmt":"2015-09-22T07:38:36","guid":{"rendered":"http:\/\/dbw.onlinewuerfeln.de\/?page_id=425"},"modified":"2016-03-10T08:44:33","modified_gmt":"2016-03-10T07:44:33","slug":"bewerbung","status":"publish","type":"page","link":"https:\/\/dbw.onlinewuerfeln.de\/?page_id=425","title":{"rendered":"Bewerbung"},"content":{"rendered":"<p>Aktuelle Infos was wir aktuell suchen findest Du immer auf <a href=\"http:\/\/www.wowprogress.com\/guild\/eu\/malygos\/Das+blaue+Wunder\">wowprogress.com<\/a>.<\/p>\n<p>Unabh\u00e4ngig davon\u00a0sind\u00a0wir immer an aktiven und guten Mitspielern interessiert, getreu dem Motto: &#8222;Bring the player, not the class.&#8220;<\/p>\n<p>F\u00fcr ein informatives Gespr\u00e4ch stehen Dir Ingame Gladiartur#2211 oder mokke#2766 (Donnovan#2147) zur Verf\u00fcgung.<\/p>\n<div class=\"shariff\" data-twitter-via=\"#dbw #wow\" data-title=\"Bewerbung\" data-info-url=\"http:\/\/ct.de\/-2467514\" data-backend-url=\"https:\/\/dbw.onlinewuerfeln.de\/wp-content\/plugins\/shariff-sharing\/backend\/index.php\" data-temp=\"\/tmp\" data-ttl=\"60\" data-service=\"gft\" data-services='[\"googleplus\",\"facebook\",\"twitter\",\"whatsapp\",\"mail\",\"info\"]' data-image=\"\" data-url=\"https:\/\/dbw.onlinewuerfeln.de\/?page_id=425\" data-lang=\"de\" data-theme=\"white\" data-orientation=\"horizontal\"><\/div>","protected":false},"excerpt":{"rendered":"<p>Aktuelle Infos was wir aktuell suchen findest Du immer auf wowprogress.com. Unabh\u00e4ngig davon\u00a0sind\u00a0wir immer an aktiven und guten Mitspielern interessiert, getreu dem Motto: &#8222;Bring the player, not the class.&#8220; F\u00fcr ein informatives Gespr\u00e4ch stehen Dir Ingame Gladiartur#2211 oder mokke#2766 (Donnovan#2147) zur Verf\u00fcgung.<a class=\"read-more \" href=\"https:\/\/dbw.onlinewuerfeln.de\/?page_id=425\" title=\"Weiterlesen\"> <span class=\"button default\">Weiterlesen<\/span><\/a><\/p>\n","protected":false},"author":1,"featured_media":0,"parent":0,"menu_order":0,"comment_status":"closed","ping_status":"closed","template":"","meta":[],"_links":{"self":[{"href":"https:\/\/dbw.onlinewuerfeln.de\/index.php?rest_route=\/wp\/v2\/pages\/425"}],"collection":[{"href":"https:\/\/dbw.onlinewuerfeln.de\/index.php?rest_route=\/wp\/v2\/pages"}],"about":[{"href":"https:\/\/dbw.onlinewuerfeln.de\/index.php?rest_route=\/wp\/v2\/types\/page"}],"author":[{"embeddable":true,"href":"https:\/\/dbw.onlinewuerfeln.de\/index.php?rest_route=\/wp\/v2\/users\/1"}],"replies":[{"embeddable":true,"href":"https:\/\/dbw.onlinewuerfeln.de\/index.php?rest_route=%2Fwp%2Fv2%2Fcomments&post=425"}],"version-history":[{"count":10,"href":"https:\/\/dbw.onlinewuerfeln.de\/index.php?rest_route=\/wp\/v2\/pages\/425\/revisions"}],"predecessor-version":[{"id":524,"href":"https:\/\/dbw.onlinewuerfeln.de\/index.php?rest_route=\/wp\/v2\/pages\/425\/revisions\/524"}],"wp:attachment":[{"href":"https:\/\/dbw.onlinewuerfeln.de\/index.php?rest_route=%2Fwp%2Fv2%2Fmedia&parent=425"}],"curies":[{"name":"wp","href":"https:\/\/api.w.org\/{rel}","templated":true}]}}